{"id":1115,"date":"2021-07-07T11:46:00","date_gmt":"2021-07-07T10:46:00","guid":{"rendered":"https:\/\/www.malvernsaddlecompany.co.uk\/side-saddles\/"},"modified":"2022-05-03T14:05:20","modified_gmt":"2022-05-03T13:05:20","slug":"side-saddles","status":"publish","type":"page","link":"https:\/\/www.malvernsaddlecompany.co.uk\/fr\/side-saddles\/","title":{"rendered":"Side Saddles"},"content":{"rendered":"\n<style type=\"text\/css\" data-created_by=\"avia_inline_auto\" id=\"style-css-av-74r2i-e64a04d0f8c2c8c7e92c3f1469fc794c\">\n.avia-section.av-74r2i-e64a04d0f8c2c8c7e92c3f1469fc794c{\nbackground-repeat:no-repeat;\nbackground-image:url(https:\/\/www.malvernsaddlecompany.co.uk\/wp-content\/uploads\/2022\/03\/pilch-pads-roller-side-saddles.jpg);\nbackground-position:100% 50%;\nbackground-attachment:scroll;\n}\n<\/style>\n<div id='page-header'  class='avia-section av-74r2i-e64a04d0f8c2c8c7e92c3f1469fc794c main_color avia-section-default avia-no-border-styling  avia-builder-el-0  el_before_av_layout_row  avia-builder-el-first  avia-full-stretch avia-bg-style-scroll av-minimum-height av-minimum-height-custom av-height-custom  container_wrap fullsize'  data-section-bg-repeat='stretch' data-av_minimum_height_px='500'><div class='container av-section-cont-open' style='height:500px'><main  role=\"main\" itemprop=\"mainContentOfPage\"  class='template-page content  av-content-full alpha units'><div class='post-entry post-entry-type-page post-entry-1115'><div class='entry-content-wrapper clearfix'>\n\n<style type=\"text\/css\" data-created_by=\"avia_inline_auto\" id=\"style-css-av-6ac0a-9a4b85a07d14abc3ea0078ca06550642\">\n.flex_column.av-6ac0a-9a4b85a07d14abc3ea0078ca06550642{\nborder-radius:0px 0px 0px 0px;\npadding:0px 0px 0px 0px;\n}\n<\/style>\n<div  class='flex_column av-6ac0a-9a4b85a07d14abc3ea0078ca06550642 av_one_full  avia-builder-el-1  avia-builder-el-no-sibling  first flex_column_div av-animated-generic left-to-right av-zero-column-padding  '     ><section  class='av_textblock_section av-kraldin1-8a94ef92f2e89bc18a723b9eb0f74d5f '   itemscope=\"itemscope\" itemtype=\"https:\/\/schema.org\/CreativeWork\" ><div class='avia_textblock'  itemprop=\"text\" ><h1>Selles D&rsquo;Amazone<\/h1>\n<div class=\"breadcrumb breadcrumbs avia-breadcrumbs\"><div class=\"breadcrumb-trail\" ><span  itemscope=\"itemscope\" itemtype=\"https:\/\/schema.org\/BreadcrumbList\" ><span  itemscope=\"itemscope\" itemtype=\"https:\/\/schema.org\/ListItem\" itemprop=\"itemListElement\" ><a itemprop=\"url\" href=\"https:\/\/www.malvernsaddlecompany.co.uk\/fr\/\" title=\"Malvern Saddle Company\" rel=\"home\" class=\"trail-begin\"><span itemprop=\"name\">Accueil<\/span><\/a><span itemprop=\"position\" class=\"hidden\">1<\/span><\/span><\/span><\/div><\/div>\n<\/div><\/section><\/div>\n\n<\/div><\/div><\/main><!-- close content main element --><\/div><\/div><div id='av-layout-grid-1'  class='av-layout-grid-container av-5l5u2-ffbd943e4815e9f3f60b88a58eab7cb3 entry-content-wrapper main_color av-flex-cells  avia-builder-el-3  el_after_av_section  el_before_av_section  grid-row-not-first  container_wrap fullsize'  >\n\n<style type=\"text\/css\" data-created_by=\"avia_inline_auto\" id=\"style-css-av-4yaua-b4d29c59480b336aab7d12be7959cdde\">\n.flex_cell.av-4yaua-b4d29c59480b336aab7d12be7959cdde{\nvertical-align:middle;\nheight:500px;\nmin-height:500px;\n}\n.responsive #top #wrap_all .flex_cell.av-4yaua-b4d29c59480b336aab7d12be7959cdde{\npadding:0px 0px 0px 0px !important;\n}\n<\/style>\n<div class='flex_cell av-4yaua-b4d29c59480b336aab7d12be7959cdde av-gridrow-cell av_one_half no_margin  avia-builder-el-4  el_before_av_cell_one_half  avia-builder-el-first  content-align-middle av-zero-padding'  ><div class='flex_cell_inner'>\n<style type=\"text\/css\" data-created_by=\"avia_inline_auto\" id=\"style-css-av-4loae-b0d6fab1eda8647516eeae780369a2d5\">\n.flex_column.av-4loae-b0d6fab1eda8647516eeae780369a2d5{\nborder-radius:0px 0px 0px 0px;\npadding:0px 0px 0px 0px;\n}\n<\/style>\n<div  class='flex_column av-4loae-b0d6fab1eda8647516eeae780369a2d5 av_one_full  avia-builder-el-5  avia-builder-el-no-sibling  first flex_column_div av-animated-generic left-to-right av-zero-column-padding  '     ><section  class='av_textblock_section av-kraleesu-e459f7779ff7200c5e4c847edaa31ff7 '   itemscope=\"itemscope\" itemtype=\"https:\/\/schema.org\/CreativeWork\" ><div class='avia_textblock'  itemprop=\"text\" ><h2>Nos selles d\u2019amazone sont fabriqu\u00e9es avec des cuirs et des peaux de biche de la meilleure qualit\u00e9.<\/h2>\n<p>Elles sont construites sur un ar\u00e7on lamin\u00e9 en bois de h\u00eatre qui a \u00e9t\u00e9 con\u00e7u par Rob Jenkins en collaboration avec Harry Dabbs Saddle Makers de Walsall.<\/p>\n<p>Le nouveau design convient aux chevaux d\u2019aujourd\u2019hui qui ont g\u00e9n\u00e9ralement une plus forte morphologie. Les tailles de selle vont de 14\u2033 pouces \u00e0 17,5\u2033 pouces par incr\u00e9ment de \u00bd pouce. Les clients peuvent choisir entre les ergonomies et le positionnement des douilles de fixation de la troisi\u00e8me fourche Champion &amp; Wilton et Mayhew Stirrup.<\/p>\n<\/div><\/section><\/div>\n<\/div><\/div>\n<style type=\"text\/css\" data-created_by=\"avia_inline_auto\" id=\"style-css-av-3rwj2-e5233f505c85aca7d93f6edcdc6230b6\">\n.flex_cell.av-3rwj2-e5233f505c85aca7d93f6edcdc6230b6{\nvertical-align:middle;\nheight:500px;\nmin-height:500px;\nbackground:url(https:\/\/www.malvernsaddlecompany.co.uk\/wp-content\/uploads\/2022\/01\/swiss-show-bw.jpg) 50% 50% no-repeat scroll ;\n}\n.responsive #top #wrap_all .flex_cell.av-3rwj2-e5233f505c85aca7d93f6edcdc6230b6{\npadding:30px 30px 30px 30px !important;\n}\n<\/style>\n<div class='flex_cell av-3rwj2-e5233f505c85aca7d93f6edcdc6230b6 av-gridrow-cell av_one_half no_margin  avia-builder-el-7  el_after_av_cell_one_half  avia-builder-el-last  content-align-middle avia-full-stretch'  ><div class='flex_cell_inner'><\/div><\/div>\n<\/div>\n\n<style type=\"text\/css\" data-created_by=\"avia_inline_auto\" id=\"style-css-av-zqcu-506f9f7dca83a3f454b7ceba673f09ba\">\n.avia-section.av-zqcu-506f9f7dca83a3f454b7ceba673f09ba{\nbackground-color:#eaeaea;\nbackground-image:unset;\n}\n<\/style>\n<div id='av_section_2'  class='avia-section av-zqcu-506f9f7dca83a3f454b7ceba673f09ba main_color avia-section-large avia-no-border-styling  avia-builder-el-8  el_after_av_layout_row  el_before_av_layout_row  avia-bg-style-scroll container_wrap fullsize'  ><div class='container av-section-cont-open' ><div class='template-page content  av-content-full alpha units'><div class='post-entry post-entry-type-page post-entry-1115'><div class='entry-content-wrapper clearfix'>\n<div id='av-masonry-1' class='av-masonry av-kramzzoe-e084a2472f581b3c9f2c4094321d3ff8 noHover av-fixed-size av-large-gap av-hover-overlay- av-masonry-animation-active av-masonry-col-flexible av-caption-on-hover av-caption-style-overlay av-masonry-gallery av-orientation-portrait ' data-post_id=\"1115\"><div class=\"av-masonry-container isotope av-js-disabled\"><div class='av-masonry-entry isotope-item av-masonry-item-no-image '><\/div><a href=\"https:\/\/www.malvernsaddlecompany.co.uk\/wp-content\/uploads\/2021\/07\/ss-image001.jpg\" data-srcset=\"https:\/\/www.malvernsaddlecompany.co.uk\/wp-content\/uploads\/2021\/07\/ss-image001.jpg 610w, https:\/\/www.malvernsaddlecompany.co.uk\/wp-content\/uploads\/2021\/07\/ss-image001-229x300.jpg 229w, https:\/\/www.malvernsaddlecompany.co.uk\/wp-content\/uploads\/2021\/07\/ss-image001-538x705.jpg 538w\" data-sizes=\"(max-width: 610px) 100vw, 610px\"  aria-label=\"image ss-image001\"  id='av-masonry-1-item-754' data-av-masonry-item='754' class='av-masonry-entry isotope-item post-754 attachment type-attachment status-inherit hentry  av-masonry-item-with-image' title=\"ss-image001\" alt=\"\"    itemprop=\"thumbnailUrl\" ><div class='av-inner-masonry-sizer'><\/div><figure class='av-inner-masonry main_color'><div class=\"av-masonry-outerimage-container\"><div class='av-masonry-image-container' style=\"background-image: url(https:\/\/www.malvernsaddlecompany.co.uk\/wp-content\/uploads\/2021\/07\/ss-image001-538x705.jpg);\"  title=\"ss-image001\" ><\/div><\/div><\/figure><\/a><!--end av-masonry entry--><a href=\"https:\/\/www.malvernsaddlecompany.co.uk\/wp-content\/uploads\/2021\/07\/Jess-HOYS2015.jpg\" data-srcset=\"https:\/\/www.malvernsaddlecompany.co.uk\/wp-content\/uploads\/2021\/07\/Jess-HOYS2015.jpg 600w, https:\/\/www.malvernsaddlecompany.co.uk\/wp-content\/uploads\/2021\/07\/Jess-HOYS2015-300x273.jpg 300w\" data-sizes=\"(max-width: 600px) 100vw, 600px\"  aria-label=\"image Jess-HOYS2015\"  id='av-masonry-1-item-721' data-av-masonry-item='721' class='av-masonry-entry isotope-item post-721 attachment type-attachment status-inherit hentry  av-masonry-item-with-image' title=\"Jess-HOYS2015\" alt=\"\"    itemprop=\"thumbnailUrl\" ><div class='av-inner-masonry-sizer'><\/div><figure class='av-inner-masonry main_color'><div class=\"av-masonry-outerimage-container\"><div class='av-masonry-image-container' style=\"background-image: url(https:\/\/www.malvernsaddlecompany.co.uk\/wp-content\/uploads\/2021\/07\/Jess-HOYS2015.jpg);\"  title=\"Jess-HOYS2015\" ><\/div><\/div><\/figure><\/a><!--end av-masonry entry--><a href=\"https:\/\/www.malvernsaddlecompany.co.uk\/wp-content\/uploads\/2021\/07\/ss-image003.jpg\" data-srcset=\"https:\/\/www.malvernsaddlecompany.co.uk\/wp-content\/uploads\/2021\/07\/ss-image003.jpg 610w, https:\/\/www.malvernsaddlecompany.co.uk\/wp-content\/uploads\/2021\/07\/ss-image003-229x300.jpg 229w, https:\/\/www.malvernsaddlecompany.co.uk\/wp-content\/uploads\/2021\/07\/ss-image003-538x705.jpg 538w\" data-sizes=\"(max-width: 610px) 100vw, 610px\"  aria-label=\"image ss-image003\"  id='av-masonry-1-item-751' data-av-masonry-item='751' class='av-masonry-entry isotope-item post-751 attachment type-attachment status-inherit hentry  av-masonry-item-with-image' title=\"ss-image003\" alt=\"\"    itemprop=\"thumbnailUrl\" ><div class='av-inner-masonry-sizer'><\/div><figure class='av-inner-masonry main_color'><div class=\"av-masonry-outerimage-container\"><div class='av-masonry-image-container' style=\"background-image: url(https:\/\/www.malvernsaddlecompany.co.uk\/wp-content\/uploads\/2021\/07\/ss-image003-538x705.jpg);\"  title=\"ss-image003\" ><\/div><\/div><\/figure><\/a><!--end av-masonry entry--><a href=\"https:\/\/www.malvernsaddlecompany.co.uk\/wp-content\/uploads\/2022\/01\/B02DDDCD-E1C0-4521-9663-38D211D87DFA.jpg\" data-srcset=\"https:\/\/www.malvernsaddlecompany.co.uk\/wp-content\/uploads\/2022\/01\/B02DDDCD-E1C0-4521-9663-38D211D87DFA.jpg 1000w, https:\/\/www.malvernsaddlecompany.co.uk\/wp-content\/uploads\/2022\/01\/B02DDDCD-E1C0-4521-9663-38D211D87DFA-300x300.jpg 300w, https:\/\/www.malvernsaddlecompany.co.uk\/wp-content\/uploads\/2022\/01\/B02DDDCD-E1C0-4521-9663-38D211D87DFA-80x80.jpg 80w, https:\/\/www.malvernsaddlecompany.co.uk\/wp-content\/uploads\/2022\/01\/B02DDDCD-E1C0-4521-9663-38D211D87DFA-768x768.jpg 768w, https:\/\/www.malvernsaddlecompany.co.uk\/wp-content\/uploads\/2022\/01\/B02DDDCD-E1C0-4521-9663-38D211D87DFA-36x36.jpg 36w, https:\/\/www.malvernsaddlecompany.co.uk\/wp-content\/uploads\/2022\/01\/B02DDDCD-E1C0-4521-9663-38D211D87DFA-180x180.jpg 180w, https:\/\/www.malvernsaddlecompany.co.uk\/wp-content\/uploads\/2022\/01\/B02DDDCD-E1C0-4521-9663-38D211D87DFA-705x705.jpg 705w\" data-sizes=\"(max-width: 1000px) 100vw, 1000px\"  aria-label=\"image B02DDDCD-E1C0-4521-9663-38D211D87DFA\"  id='av-masonry-1-item-991' data-av-masonry-item='991' class='av-masonry-entry isotope-item post-991 attachment type-attachment status-inherit hentry  av-masonry-item-with-image' title=\"B02DDDCD-E1C0-4521-9663-38D211D87DFA\" alt=\"\"    itemprop=\"thumbnailUrl\" ><div class='av-inner-masonry-sizer'><\/div><figure class='av-inner-masonry main_color'><div class=\"av-masonry-outerimage-container\"><div class='av-masonry-image-container' style=\"background-image: url(https:\/\/www.malvernsaddlecompany.co.uk\/wp-content\/uploads\/2022\/01\/B02DDDCD-E1C0-4521-9663-38D211D87DFA-705x705.jpg);\"  title=\"B02DDDCD-E1C0-4521-9663-38D211D87DFA\" ><\/div><\/div><\/figure><\/a><!--end av-masonry entry--><a href=\"https:\/\/www.malvernsaddlecompany.co.uk\/wp-content\/uploads\/2021\/07\/IMG_3113.jpg\" data-srcset=\"https:\/\/www.malvernsaddlecompany.co.uk\/wp-content\/uploads\/2021\/07\/IMG_3113.jpg 600w, https:\/\/www.malvernsaddlecompany.co.uk\/wp-content\/uploads\/2021\/07\/IMG_3113-300x273.jpg 300w\" data-sizes=\"(max-width: 600px) 100vw, 600px\"  aria-label=\"image IMG_3113\"  id='av-masonry-1-item-718' data-av-masonry-item='718' class='av-masonry-entry isotope-item post-718 attachment type-attachment status-inherit hentry  av-masonry-item-with-image' title=\"IMG_3113\" alt=\"\"    itemprop=\"thumbnailUrl\" ><div class='av-inner-masonry-sizer'><\/div><figure class='av-inner-masonry main_color'><div class=\"av-masonry-outerimage-container\"><div class='av-masonry-image-container' style=\"background-image: url(https:\/\/www.malvernsaddlecompany.co.uk\/wp-content\/uploads\/2021\/07\/IMG_3113.jpg);\"  title=\"IMG_3113\" ><\/div><\/div><\/figure><\/a><!--end av-masonry entry--><a href=\"https:\/\/www.malvernsaddlecompany.co.uk\/wp-content\/uploads\/2022\/01\/Renee-Tuck-1.jpg\" data-srcset=\"https:\/\/www.malvernsaddlecompany.co.uk\/wp-content\/uploads\/2022\/01\/Renee-Tuck-1.jpg 1000w, https:\/\/www.malvernsaddlecompany.co.uk\/wp-content\/uploads\/2022\/01\/Renee-Tuck-1-300x300.jpg 300w, https:\/\/www.malvernsaddlecompany.co.uk\/wp-content\/uploads\/2022\/01\/Renee-Tuck-1-80x80.jpg 80w, https:\/\/www.malvernsaddlecompany.co.uk\/wp-content\/uploads\/2022\/01\/Renee-Tuck-1-768x767.jpg 768w, https:\/\/www.malvernsaddlecompany.co.uk\/wp-content\/uploads\/2022\/01\/Renee-Tuck-1-36x36.jpg 36w, https:\/\/www.malvernsaddlecompany.co.uk\/wp-content\/uploads\/2022\/01\/Renee-Tuck-1-180x180.jpg 180w, https:\/\/www.malvernsaddlecompany.co.uk\/wp-content\/uploads\/2022\/01\/Renee-Tuck-1-705x705.jpg 705w\" data-sizes=\"(max-width: 1000px) 100vw, 1000px\"  aria-label=\"image Renee-Tuck-1\"  id='av-masonry-1-item-982' data-av-masonry-item='982' class='av-masonry-entry isotope-item post-982 attachment type-attachment status-inherit hentry  av-masonry-item-with-image' title=\"Renee-Tuck-1\" alt=\"\"    itemprop=\"thumbnailUrl\" ><div class='av-inner-masonry-sizer'><\/div><figure class='av-inner-masonry main_color'><div class=\"av-masonry-outerimage-container\"><div class='av-masonry-image-container' style=\"background-image: url(https:\/\/www.malvernsaddlecompany.co.uk\/wp-content\/uploads\/2022\/01\/Renee-Tuck-1-705x705.jpg);\"  title=\"Renee-Tuck-1\" ><\/div><\/div><\/figure><\/a><!--end av-masonry entry--><a href=\"https:\/\/www.malvernsaddlecompany.co.uk\/wp-content\/uploads\/2021\/07\/IMG_8650.jpg\" data-srcset=\"https:\/\/www.malvernsaddlecompany.co.uk\/wp-content\/uploads\/2021\/07\/IMG_8650.jpg 395w, https:\/\/www.malvernsaddlecompany.co.uk\/wp-content\/uploads\/2021\/07\/IMG_8650-198x300.jpg 198w\" data-sizes=\"(max-width: 395px) 100vw, 395px\"  aria-label=\"image IMG_8650\"  id='av-masonry-1-item-745' data-av-masonry-item='745' class='av-masonry-entry isotope-item post-745 attachment type-attachment status-inherit hentry  av-masonry-item-with-image' title=\"IMG_8650\" alt=\"\"    itemprop=\"thumbnailUrl\" ><div class='av-inner-masonry-sizer'><\/div><figure class='av-inner-masonry main_color'><div class=\"av-masonry-outerimage-container\"><div class='av-masonry-image-container' style=\"background-image: url(https:\/\/www.malvernsaddlecompany.co.uk\/wp-content\/uploads\/2021\/07\/IMG_8650.jpg);\"  title=\"IMG_8650\" ><\/div><\/div><\/figure><\/a><!--end av-masonry entry--><a href=\"https:\/\/www.malvernsaddlecompany.co.uk\/wp-content\/uploads\/2022\/01\/IMG_3042-476x1030.jpg\" data-srcset=\"https:\/\/www.malvernsaddlecompany.co.uk\/wp-content\/uploads\/2022\/01\/IMG_3042-476x1030.jpg 476w, https:\/\/www.malvernsaddlecompany.co.uk\/wp-content\/uploads\/2022\/01\/IMG_3042-139x300.jpg 139w, https:\/\/www.malvernsaddlecompany.co.uk\/wp-content\/uploads\/2022\/01\/IMG_3042-768x1662.jpg 768w, https:\/\/www.malvernsaddlecompany.co.uk\/wp-content\/uploads\/2022\/01\/IMG_3042-710x1536.jpg 710w, https:\/\/www.malvernsaddlecompany.co.uk\/wp-content\/uploads\/2022\/01\/IMG_3042-946x2048.jpg 946w, https:\/\/www.malvernsaddlecompany.co.uk\/wp-content\/uploads\/2022\/01\/IMG_3042-693x1500.jpg 693w, https:\/\/www.malvernsaddlecompany.co.uk\/wp-content\/uploads\/2022\/01\/IMG_3042-326x705.jpg 326w, https:\/\/www.malvernsaddlecompany.co.uk\/wp-content\/uploads\/2022\/01\/IMG_3042.jpg 1000w\" data-sizes=\"(max-width: 476px) 100vw, 476px\"  aria-label=\"image IMG_3042\"  id='av-masonry-1-item-979' data-av-masonry-item='979' class='av-masonry-entry isotope-item post-979 attachment type-attachment status-inherit hentry  av-masonry-item-with-image' title=\"IMG_3042\" alt=\"\"    itemprop=\"thumbnailUrl\" ><div class='av-inner-masonry-sizer'><\/div><figure class='av-inner-masonry main_color'><div class=\"av-masonry-outerimage-container\"><div class='av-masonry-image-container' style=\"background-image: url(https:\/\/www.malvernsaddlecompany.co.uk\/wp-content\/uploads\/2022\/01\/IMG_3042-326x705.jpg);\"  title=\"IMG_3042\" ><\/div><\/div><\/figure><\/a><!--end av-masonry entry--><a href=\"https:\/\/www.malvernsaddlecompany.co.uk\/wp-content\/uploads\/2021\/07\/ss-image002.jpg\" data-srcset=\"https:\/\/www.malvernsaddlecompany.co.uk\/wp-content\/uploads\/2021\/07\/ss-image002.jpg 610w, https:\/\/www.malvernsaddlecompany.co.uk\/wp-content\/uploads\/2021\/07\/ss-image002-229x300.jpg 229w, https:\/\/www.malvernsaddlecompany.co.uk\/wp-content\/uploads\/2021\/07\/ss-image002-538x705.jpg 538w\" data-sizes=\"(max-width: 610px) 100vw, 610px\"  aria-label=\"image ss-image002\"  id='av-masonry-1-item-748' data-av-masonry-item='748' class='av-masonry-entry isotope-item post-748 attachment type-attachment status-inherit hentry  av-masonry-item-with-image' title=\"ss-image002\" alt=\"\"    itemprop=\"thumbnailUrl\" ><div class='av-inner-masonry-sizer'><\/div><figure class='av-inner-masonry main_color'><div class=\"av-masonry-outerimage-container\"><div class='av-masonry-image-container' style=\"background-image: url(https:\/\/www.malvernsaddlecompany.co.uk\/wp-content\/uploads\/2021\/07\/ss-image002-538x705.jpg);\"  title=\"ss-image002\" ><\/div><\/div><\/figure><\/a><!--end av-masonry entry--><a href=\"https:\/\/www.malvernsaddlecompany.co.uk\/wp-content\/uploads\/2022\/01\/Shire-773x1030.jpg\" data-srcset=\"https:\/\/www.malvernsaddlecompany.co.uk\/wp-content\/uploads\/2022\/01\/Shire-773x1030.jpg 773w, https:\/\/www.malvernsaddlecompany.co.uk\/wp-content\/uploads\/2022\/01\/Shire-225x300.jpg 225w, https:\/\/www.malvernsaddlecompany.co.uk\/wp-content\/uploads\/2022\/01\/Shire-768x1024.jpg 768w, https:\/\/www.malvernsaddlecompany.co.uk\/wp-content\/uploads\/2022\/01\/Shire-529x705.jpg 529w, https:\/\/www.malvernsaddlecompany.co.uk\/wp-content\/uploads\/2022\/01\/Shire.jpg 1000w\" data-sizes=\"(max-width: 773px) 100vw, 773px\"  aria-label=\"image Shire\"  id='av-masonry-1-item-985' data-av-masonry-item='985' class='av-masonry-entry isotope-item post-985 attachment type-attachment status-inherit hentry  av-masonry-item-with-image' title=\"Shire\" alt=\"\"    itemprop=\"thumbnailUrl\" ><div class='av-inner-masonry-sizer'><\/div><figure class='av-inner-masonry main_color'><div class=\"av-masonry-outerimage-container\"><div class='av-masonry-image-container' style=\"background-image: url(https:\/\/www.malvernsaddlecompany.co.uk\/wp-content\/uploads\/2022\/01\/Shire-529x705.jpg);\"  title=\"Shire\" ><\/div><\/div><\/figure><\/a><!--end av-masonry entry--><a href=\"https:\/\/www.malvernsaddlecompany.co.uk\/wp-content\/uploads\/2022\/01\/Whippy-No5-style-773x1030.jpg\" data-srcset=\"https:\/\/www.malvernsaddlecompany.co.uk\/wp-content\/uploads\/2022\/01\/Whippy-No5-style-773x1030.jpg 773w, https:\/\/www.malvernsaddlecompany.co.uk\/wp-content\/uploads\/2022\/01\/Whippy-No5-style-225x300.jpg 225w, https:\/\/www.malvernsaddlecompany.co.uk\/wp-content\/uploads\/2022\/01\/Whippy-No5-style-768x1024.jpg 768w, https:\/\/www.malvernsaddlecompany.co.uk\/wp-content\/uploads\/2022\/01\/Whippy-No5-style-529x705.jpg 529w, https:\/\/www.malvernsaddlecompany.co.uk\/wp-content\/uploads\/2022\/01\/Whippy-No5-style.jpg 1000w\" data-sizes=\"(max-width: 773px) 100vw, 773px\"  aria-label=\"image Whippy-No5-style\"  id='av-masonry-1-item-988' data-av-masonry-item='988' class='av-masonry-entry isotope-item post-988 attachment type-attachment status-inherit hentry  av-masonry-item-with-image' title=\"Whippy-No5-style\" alt=\"\"    itemprop=\"thumbnailUrl\" ><div class='av-inner-masonry-sizer'><\/div><figure class='av-inner-masonry main_color'><div class=\"av-masonry-outerimage-container\"><div class='av-masonry-image-container' style=\"background-image: url(https:\/\/www.malvernsaddlecompany.co.uk\/wp-content\/uploads\/2022\/01\/Whippy-No5-style-529x705.jpg);\"  title=\"Whippy-No5-style\" ><\/div><\/div><\/figure><\/a><!--end av-masonry entry--><a href=\"https:\/\/www.malvernsaddlecompany.co.uk\/wp-content\/uploads\/2022\/01\/512967B5-460B-42F5-8FE0-8F9896B3D564.jpg\" data-srcset=\"https:\/\/www.malvernsaddlecompany.co.uk\/wp-content\/uploads\/2022\/01\/512967B5-460B-42F5-8FE0-8F9896B3D564.jpg 1000w, https:\/\/www.malvernsaddlecompany.co.uk\/wp-content\/uploads\/2022\/01\/512967B5-460B-42F5-8FE0-8F9896B3D564-300x300.jpg 300w, https:\/\/www.malvernsaddlecompany.co.uk\/wp-content\/uploads\/2022\/01\/512967B5-460B-42F5-8FE0-8F9896B3D564-80x80.jpg 80w, https:\/\/www.malvernsaddlecompany.co.uk\/wp-content\/uploads\/2022\/01\/512967B5-460B-42F5-8FE0-8F9896B3D564-768x768.jpg 768w, https:\/\/www.malvernsaddlecompany.co.uk\/wp-content\/uploads\/2022\/01\/512967B5-460B-42F5-8FE0-8F9896B3D564-36x36.jpg 36w, https:\/\/www.malvernsaddlecompany.co.uk\/wp-content\/uploads\/2022\/01\/512967B5-460B-42F5-8FE0-8F9896B3D564-180x180.jpg 180w, https:\/\/www.malvernsaddlecompany.co.uk\/wp-content\/uploads\/2022\/01\/512967B5-460B-42F5-8FE0-8F9896B3D564-705x705.jpg 705w\" data-sizes=\"(max-width: 1000px) 100vw, 1000px\"  aria-label=\"image 512967B5-460B-42F5-8FE0-8F9896B3D564\"  id='av-masonry-1-item-994' data-av-masonry-item='994' class='av-masonry-entry isotope-item post-994 attachment type-attachment status-inherit hentry  av-masonry-item-with-image' title=\"512967B5-460B-42F5-8FE0-8F9896B3D564\" alt=\"\"    itemprop=\"thumbnailUrl\" ><div class='av-inner-masonry-sizer'><\/div><figure class='av-inner-masonry main_color'><div class=\"av-masonry-outerimage-container\"><div class='av-masonry-image-container' style=\"background-image: url(https:\/\/www.malvernsaddlecompany.co.uk\/wp-content\/uploads\/2022\/01\/512967B5-460B-42F5-8FE0-8F9896B3D564-705x705.jpg);\"  title=\"512967B5-460B-42F5-8FE0-8F9896B3D564\" ><\/div><\/div><\/figure><\/a><!--end av-masonry entry--><\/div><\/div>\n\n<\/div><\/div><\/div><!-- close content main div --><\/div><\/div><div id='av-layout-grid-2'  class='av-layout-grid-container av-3gygy-2e204aabf471e713784c3c04bad6b038 entry-content-wrapper main_color av-flex-cells  avia-builder-el-10  el_after_av_section  avia-builder-el-last  grid-row-not-first  container_wrap fullsize'  >\n\n<style type=\"text\/css\" data-created_by=\"avia_inline_auto\" id=\"style-css-av-2mxdi-5d4db3077168bcc407ea0c56d2a5d064\">\n.flex_cell.av-2mxdi-5d4db3077168bcc407ea0c56d2a5d064{\nvertical-align:middle;\nheight:500px;\nmin-height:500px;\nbackground:url(https:\/\/www.malvernsaddlecompany.co.uk\/wp-content\/uploads\/2022\/01\/Military-brown-ss.jpg) 50% 50% no-repeat scroll ;\n}\n.responsive #top #wrap_all .flex_cell.av-2mxdi-5d4db3077168bcc407ea0c56d2a5d064{\npadding:30px 30px 30px 30px !important;\n}\n<\/style>\n<div class='flex_cell av-2mxdi-5d4db3077168bcc407ea0c56d2a5d064 av-gridrow-cell av_one_half no_margin  avia-builder-el-11  el_before_av_cell_one_half  avia-builder-el-first  content-align-middle avia-full-stretch'  ><div class='flex_cell_inner'><\/div><\/div>\n<style type=\"text\/css\" data-created_by=\"avia_inline_auto\" id=\"style-css-av-27cvq-67e6171281597cb25fd0b34582cc366f\">\n.flex_cell.av-27cvq-67e6171281597cb25fd0b34582cc366f{\nvertical-align:middle;\nheight:500px;\nmin-height:500px;\n}\n.responsive #top #wrap_all .flex_cell.av-27cvq-67e6171281597cb25fd0b34582cc366f{\npadding:0px 0px 0px 0px !important;\n}\n<\/style>\n<div class='flex_cell av-27cvq-67e6171281597cb25fd0b34582cc366f av-gridrow-cell av_one_half no_margin  avia-builder-el-12  el_after_av_cell_one_half  avia-builder-el-last  content-align-middle av-zero-padding'  ><div class='flex_cell_inner'>\n<style type=\"text\/css\" data-created_by=\"avia_inline_auto\" id=\"style-css-av-1r78u-b02bfc41ab8250f50e4889e9d6b4632f\">\n.flex_column.av-1r78u-b02bfc41ab8250f50e4889e9d6b4632f{\nborder-radius:0px 0px 0px 0px;\npadding:0px 0px 0px 0px;\n}\n<\/style>\n<div  class='flex_column av-1r78u-b02bfc41ab8250f50e4889e9d6b4632f av_one_full  avia-builder-el-13  avia-builder-el-no-sibling  first flex_column_div av-animated-generic right-to-left av-zero-column-padding  '     ><section  class='av_textblock_section av-kralmn28-8ed1f5c2c063b0b446e529bd06ce0ed7 '   itemscope=\"itemscope\" itemtype=\"https:\/\/schema.org\/CreativeWork\" ><div class='avia_textblock'  itemprop=\"text\" ><h2>Nous sommes \u00e9galement tr\u00e8s heureux de pouvoir offrir une version de la selle d\u2019amazone qui permet une monte \u00ab en fourches \u00bb.<\/h2>\n<p>Nous sommes sp\u00e9cialis\u00e9s dans la fabrication de panneaux Wykeham qui optimisent l\u2019adaptation d\u2019une selle, car ils la rendent plus stable et offrent une monte plus confortable pour le cheval et le cavalier.<\/p>\n<p>Afin de nous concentrer sur la fabrication de nouvelles selles d\u2019amazone avec nos nouveaux ar\u00e7ons con\u00e7us pour le cheval d\u2019aujourd\u2019hui et le cavalier moderne, nous avons arr\u00eat\u00e9 notre service de r\u00e9paration ou de restauration des anciennes selles d\u2019amazone.<\/p>\n<\/div><\/section><br \/>\n<div  class='avia-button-wrap av-okw2-bd49bc2052f33b4a25f60dea6e3d3c8e-wrap avia-button-left  avia-builder-el-15  el_after_av_textblock  avia-builder-el-last '><a href='https:\/\/www.malvernsaddlecompany.co.uk\/fr\/gallery\/'  class='avia-button av-okw2-bd49bc2052f33b4a25f60dea6e3d3c8e av-link-btn avia-icon_select-no avia-size-large avia-position-left avia-color-theme-color'   aria-label=\"VISIONNEZ NOTRE GALERIE\"><span class='avia_iconbox_title' >VISIONNEZ NOTRE GALERIE<\/span><\/a><\/div><\/p><\/div>\n<\/div><\/div><\/div>\n","protected":false},"excerpt":{"rendered":"","protected":false},"author":1,"featured_media":0,"parent":0,"menu_order":0,"comment_status":"closed","ping_status":"closed","template":"","meta":{"footnotes":""},"class_list":["post-1115","page","type-page","status-publish","hentry"],"_links":{"self":[{"href":"https:\/\/www.malvernsaddlecompany.co.uk\/fr\/wp-json\/wp\/v2\/pages\/1115","targetHints":{"allow":["GET"]}}],"collection":[{"href":"https:\/\/www.malvernsaddlecompany.co.uk\/fr\/wp-json\/wp\/v2\/pages"}],"about":[{"href":"https:\/\/www.malvernsaddlecompany.co.uk\/fr\/wp-json\/wp\/v2\/types\/page"}],"author":[{"embeddable":true,"href":"https:\/\/www.malvernsaddlecompany.co.uk\/fr\/wp-json\/wp\/v2\/users\/1"}],"replies":[{"embeddable":true,"href":"https:\/\/www.malvernsaddlecompany.co.uk\/fr\/wp-json\/wp\/v2\/comments?post=1115"}],"version-history":[{"count":17,"href":"https:\/\/www.malvernsaddlecompany.co.uk\/fr\/wp-json\/wp\/v2\/pages\/1115\/revisions"}],"predecessor-version":[{"id":1185,"href":"https:\/\/www.malvernsaddlecompany.co.uk\/fr\/wp-json\/wp\/v2\/pages\/1115\/revisions\/1185"}],"wp:attachment":[{"href":"https:\/\/www.malvernsaddlecompany.co.uk\/fr\/wp-json\/wp\/v2\/media?parent=1115"}],"curies":[{"name":"wp","href":"https:\/\/api.w.org\/{rel}","templated":true}]}}